{"id":64,"date":"2022-02-24T08:08:33","date_gmt":"2022-02-24T08:08:33","guid":{"rendered":"https:\/\/serene-thompson.212-114-111-12.plesk.page\/?post_type=product&#038;p=64"},"modified":"2026-02-18T10:42:38","modified_gmt":"2026-02-18T10:42:38","slug":"sparkular-cyclone","status":"publish","type":"product","link":"https:\/\/sparkulars.com\/fr\/winkel\/sparkular-cyclone\/","title":{"rendered":"Sparkular Cyclone"},"content":{"rendered":"<p><span style=\"font-family: titillium;\">Le Sparkular Cyclone est l'effet le plus puissant de la s\u00e9rie Sparkular. L'effet du Cyclone peut atteindre une hauteur de 10 m\u00e8tres, cr\u00e9ant un effet spectaculaire.<\/span><\/p>\n<ul>\n<li><span style=\"font-family: titillium;\">Hauteur : 28 cm<\/span><\/li>\n<li><span style=\"font-family: titillium;\">Largeur : 37 cm<\/span><\/li>\n<li><span style=\"font-family: titillium;\">Lengte: 45,70 cm<\/span><\/li>\n<li><span style=\"font-family: titillium;\">Poids : 27 kg<\/span><\/li>\n<li><span style=\"font-family: titillium;\">Consommation \u00e9lectrique : 1700 watts<\/span><\/li>\n<li><span style=\"font-family: titillium;\">Hauteur maximale de l'impact : 10,00 m\u00e8tres<\/span><\/li>\n<li><span style=\"font-family: titillium;\">Fabricant : Showven<\/span><\/li>\n<\/ul>\n<p>&nbsp;<\/p>","protected":false},"excerpt":{"rendered":"<p><span style=\"font-family: titillium;\">Le Sparkular Cyclone est l'effet le plus puissant de la s\u00e9rie Sparkular. L'effet du Cyclone peut atteindre une hauteur de 10 m\u00e8tres, cr\u00e9ant un effet spectaculaire.<\/span><\/p>\n<p>Neem contact met ons op voor de actuele levertijd.<\/p>","protected":false},"featured_media":65,"template":"","meta":[],"product_brand":[],"product_cat":[17,23],"product_tag":[],"class_list":{"0":"post-64","1":"product","2":"type-product","3":"status-publish","4":"has-post-thumbnail","6":"product_cat-showven","7":"product_cat-sparkular-cyclone","9":"first","10":"instock","11":"taxable","12":"shipping-taxable","13":"purchasable","14":"product-type-simple"},"yoast_head":"<!-- This site is optimized with the Yoast SEO plugin v27.3 - https:\/\/yoast.com\/product\/yoast-seo-wordpress\/ -->\n<title>Sparkular Cyclone - Sparkulars<\/title>\n<meta name=\"robots\" content=\"index, follow, max-snippet:-1, max-image-preview:large, max-video-preview:-1\" \/>\n<link rel=\"canonical\" href=\"https:\/\/sparkulars.com\/fr\/winkel\/sparkular-cyclone\/\" \/>\n<meta property=\"og:locale\" content=\"fr_FR\" \/>\n<meta property=\"og:type\" content=\"article\" \/>\n<meta property=\"og:title\" content=\"Sparkular Cyclone - Sparkulars\" \/>\n<meta property=\"og:description\" content=\"De Sparkular Cyclone is het krachtigste effect uit de Sparkular serie. Het effect van de Cyclone komt tot wel 10m hoogte wat zorgt voor een spectaculair effect.  Neem contact met ons op voor de actuele levertijd.\" \/>\n<meta property=\"og:url\" content=\"https:\/\/sparkulars.com\/fr\/winkel\/sparkular-cyclone\/\" \/>\n<meta property=\"og:site_name\" content=\"Sparkulars\" \/>\n<meta property=\"article:modified_time\" content=\"2026-02-18T10:42:38+00:00\" \/>\n<meta property=\"og:image\" content=\"https:\/\/sparkulars.com\/wp-content\/uploads\/2022\/02\/Sparkulars-cyclone-1.png\" \/>\n\t<meta property=\"og:image:width\" content=\"500\" \/>\n\t<meta property=\"og:image:height\" content=\"500\" \/>\n\t<meta property=\"og:image:type\" content=\"image\/png\" \/>\n<meta name=\"twitter:card\" content=\"summary_large_image\" \/>\n<meta name=\"twitter:label1\" content=\"Dur\u00e9e de lecture estim\u00e9e\" \/>\n\t<meta name=\"twitter:data1\" content=\"1 minute\" \/>\n<script type=\"application\/ld+json\" class=\"yoast-schema-graph\">{\"@context\":\"https:\\\/\\\/schema.org\",\"@graph\":[{\"@type\":\"WebPage\",\"@id\":\"https:\\\/\\\/sparkulars.com\\\/winkel\\\/sparkular-cyclone\\\/\",\"url\":\"https:\\\/\\\/sparkulars.com\\\/winkel\\\/sparkular-cyclone\\\/\",\"name\":\"Sparkular Cyclone - Sparkulars\",\"isPartOf\":{\"@id\":\"https:\\\/\\\/sparkulars.com\\\/#website\"},\"primaryImageOfPage\":{\"@id\":\"https:\\\/\\\/sparkulars.com\\\/winkel\\\/sparkular-cyclone\\\/#primaryimage\"},\"image\":{\"@id\":\"https:\\\/\\\/sparkulars.com\\\/winkel\\\/sparkular-cyclone\\\/#primaryimage\"},\"thumbnailUrl\":\"https:\\\/\\\/sparkulars.com\\\/wp-content\\\/uploads\\\/2022\\\/02\\\/Sparkulars-cyclone-1.png\",\"datePublished\":\"2022-02-24T08:08:33+00:00\",\"dateModified\":\"2026-02-18T10:42:38+00:00\",\"breadcrumb\":{\"@id\":\"https:\\\/\\\/sparkulars.com\\\/winkel\\\/sparkular-cyclone\\\/#breadcrumb\"},\"inLanguage\":\"fr-FR\",\"potentialAction\":[{\"@type\":\"ReadAction\",\"target\":[\"https:\\\/\\\/sparkulars.com\\\/winkel\\\/sparkular-cyclone\\\/\"]}]},{\"@type\":\"ImageObject\",\"inLanguage\":\"fr-FR\",\"@id\":\"https:\\\/\\\/sparkulars.com\\\/winkel\\\/sparkular-cyclone\\\/#primaryimage\",\"url\":\"https:\\\/\\\/sparkulars.com\\\/wp-content\\\/uploads\\\/2022\\\/02\\\/Sparkulars-cyclone-1.png\",\"contentUrl\":\"https:\\\/\\\/sparkulars.com\\\/wp-content\\\/uploads\\\/2022\\\/02\\\/Sparkulars-cyclone-1.png\",\"width\":500,\"height\":500},{\"@type\":\"BreadcrumbList\",\"@id\":\"https:\\\/\\\/sparkulars.com\\\/winkel\\\/sparkular-cyclone\\\/#breadcrumb\",\"itemListElement\":[{\"@type\":\"ListItem\",\"position\":1,\"name\":\"Home\",\"item\":\"https:\\\/\\\/sparkulars.com\\\/\"},{\"@type\":\"ListItem\",\"position\":2,\"name\":\"Winkel\",\"item\":\"https:\\\/\\\/sparkulars.com\\\/winkel\\\/\"},{\"@type\":\"ListItem\",\"position\":3,\"name\":\"Sparkular Cyclone\"}]},{\"@type\":\"WebSite\",\"@id\":\"https:\\\/\\\/sparkulars.com\\\/#website\",\"url\":\"https:\\\/\\\/sparkulars.com\\\/\",\"name\":\"Sparkulars\",\"description\":\"Indoor vuurwerk fonteinen\",\"potentialAction\":[{\"@type\":\"SearchAction\",\"target\":{\"@type\":\"EntryPoint\",\"urlTemplate\":\"https:\\\/\\\/sparkulars.com\\\/?s={search_term_string}\"},\"query-input\":{\"@type\":\"PropertyValueSpecification\",\"valueRequired\":true,\"valueName\":\"search_term_string\"}}],\"inLanguage\":\"fr-FR\"}]}<\/script>\n<!-- \/ Yoast SEO plugin. -->","yoast_head_json":{"title":"Sparkular Cyclone - Sparkulars","robots":{"index":"index","follow":"follow","max-snippet":"max-snippet:-1","max-image-preview":"max-image-preview:large","max-video-preview":"max-video-preview:-1"},"canonical":"https:\/\/sparkulars.com\/fr\/winkel\/sparkular-cyclone\/","og_locale":"fr_FR","og_type":"article","og_title":"Sparkular Cyclone - Sparkulars","og_description":"De Sparkular Cyclone is het krachtigste effect uit de Sparkular serie. Het effect van de Cyclone komt tot wel 10m hoogte wat zorgt voor een spectaculair effect.  Neem contact met ons op voor de actuele levertijd.","og_url":"https:\/\/sparkulars.com\/fr\/winkel\/sparkular-cyclone\/","og_site_name":"Sparkulars","article_modified_time":"2026-02-18T10:42:38+00:00","og_image":[{"width":500,"height":500,"url":"https:\/\/sparkulars.com\/wp-content\/uploads\/2022\/02\/Sparkulars-cyclone-1.png","type":"image\/png"}],"twitter_card":"summary_large_image","twitter_misc":{"Dur\u00e9e de lecture estim\u00e9e":"1 minute"},"schema":{"@context":"https:\/\/schema.org","@graph":[{"@type":"WebPage","@id":"https:\/\/sparkulars.com\/winkel\/sparkular-cyclone\/","url":"https:\/\/sparkulars.com\/winkel\/sparkular-cyclone\/","name":"Sparkular Cyclone - Sparkulars","isPartOf":{"@id":"https:\/\/sparkulars.com\/#website"},"primaryImageOfPage":{"@id":"https:\/\/sparkulars.com\/winkel\/sparkular-cyclone\/#primaryimage"},"image":{"@id":"https:\/\/sparkulars.com\/winkel\/sparkular-cyclone\/#primaryimage"},"thumbnailUrl":"https:\/\/sparkulars.com\/wp-content\/uploads\/2022\/02\/Sparkulars-cyclone-1.png","datePublished":"2022-02-24T08:08:33+00:00","dateModified":"2026-02-18T10:42:38+00:00","breadcrumb":{"@id":"https:\/\/sparkulars.com\/winkel\/sparkular-cyclone\/#breadcrumb"},"inLanguage":"fr-FR","potentialAction":[{"@type":"ReadAction","target":["https:\/\/sparkulars.com\/winkel\/sparkular-cyclone\/"]}]},{"@type":"ImageObject","inLanguage":"fr-FR","@id":"https:\/\/sparkulars.com\/winkel\/sparkular-cyclone\/#primaryimage","url":"https:\/\/sparkulars.com\/wp-content\/uploads\/2022\/02\/Sparkulars-cyclone-1.png","contentUrl":"https:\/\/sparkulars.com\/wp-content\/uploads\/2022\/02\/Sparkulars-cyclone-1.png","width":500,"height":500},{"@type":"BreadcrumbList","@id":"https:\/\/sparkulars.com\/winkel\/sparkular-cyclone\/#breadcrumb","itemListElement":[{"@type":"ListItem","position":1,"name":"Home","item":"https:\/\/sparkulars.com\/"},{"@type":"ListItem","position":2,"name":"Winkel","item":"https:\/\/sparkulars.com\/winkel\/"},{"@type":"ListItem","position":3,"name":"Sparkular Cyclone"}]},{"@type":"WebSite","@id":"https:\/\/sparkulars.com\/#website","url":"https:\/\/sparkulars.com\/","name":"Sparkulars","description":"Indoor vuurwerk fonteinen","potentialAction":[{"@type":"SearchAction","target":{"@type":"EntryPoint","urlTemplate":"https:\/\/sparkulars.com\/?s={search_term_string}"},"query-input":{"@type":"PropertyValueSpecification","valueRequired":true,"valueName":"search_term_string"}}],"inLanguage":"fr-FR"}]}},"_links":{"self":[{"href":"https:\/\/sparkulars.com\/fr\/wp-json\/wp\/v2\/product\/64","targetHints":{"allow":["GET"]}}],"collection":[{"href":"https:\/\/sparkulars.com\/fr\/wp-json\/wp\/v2\/product"}],"about":[{"href":"https:\/\/sparkulars.com\/fr\/wp-json\/wp\/v2\/types\/product"}],"wp:featuredmedia":[{"embeddable":true,"href":"https:\/\/sparkulars.com\/fr\/wp-json\/wp\/v2\/media\/65"}],"wp:attachment":[{"href":"https:\/\/sparkulars.com\/fr\/wp-json\/wp\/v2\/media?parent=64"}],"wp:term":[{"taxonomy":"product_brand","embeddable":true,"href":"https:\/\/sparkulars.com\/fr\/wp-json\/wp\/v2\/product_brand?post=64"},{"taxonomy":"product_cat","embeddable":true,"href":"https:\/\/sparkulars.com\/fr\/wp-json\/wp\/v2\/product_cat?post=64"},{"taxonomy":"product_tag","embeddable":true,"href":"https:\/\/sparkulars.com\/fr\/wp-json\/wp\/v2\/product_tag?post=64"}],"curies":[{"name":"wp","href":"https:\/\/api.w.org\/{rel}","templated":true}]}}